{"id":77,"date":"2025-12-04T12:39:08","date_gmt":"2025-12-04T12:39:08","guid":{"rendered":"https:\/\/floraativa.com.br\/?page_id=77"},"modified":"2025-12-04T12:42:21","modified_gmt":"2025-12-04T12:42:21","slug":"termos-de-uso","status":"publish","type":"page","link":"https:\/\/floraativa.com.br\/?page_id=77","title":{"rendered":"Termos de Uso"},"content":{"rendered":"\t\t<div data-elementor-type=\"wp-page\" data-elementor-id=\"77\" class=\"elementor elementor-77\">\n\t\t\t\t<div class=\"elementor-element elementor-element-cfac9b1 e-flex e-con-boxed e-con e-parent\" data-id=\"cfac9b1\" data-element_type=\"container\">\n\t\t\t\t\t<div class=\"e-con-inner\">\n\t\t\t\t<div class=\"elementor-element elementor-element-8844ab2 elementor-widget elementor-widget-text-editor\" data-id=\"8844ab2\" data-element_type=\"widget\" data-widget_type=\"text-editor.default\">\n\t\t\t\t\t\t\t\t\t<h1><b>Termos e Condi\u00e7\u00f5es de Uso<\/b><\/h1><p>Estes Termos e Condi\u00e7\u00f5es de Uso (\u201cTermos\u201d) regulam o uso do servi\u00e7o de or\u00e7amento e manipula\u00e7\u00e3o farmac\u00eautica oferecido pela\u00a0<b>M\u00e1rcia Regina Ferraz Urenha EPP<\/b>\u00a0(CNPJ:\u00a0<b>61.983.219\/0001-42<\/b>), doravante denominada\u00a0<b>\u201cFarm\u00e1cia Flora Ativa\u201d<\/b>, atrav\u00e9s deste website e seus canais de atendimento (como WhatsApp e e-mail).<\/p><p>Ao enviar uma solicita\u00e7\u00e3o de or\u00e7amento, o usu\u00e1rio (\u201cVoc\u00ea\u201d) declara ter lido e aceito estes Termos.<\/p><h3><b>1. Objeto do Servi\u00e7o<\/b><\/h3><p>O servi\u00e7o consiste na an\u00e1lise de receitas enviadas por voc\u00ea, elabora\u00e7\u00e3o de or\u00e7amento para manipula\u00e7\u00e3o de f\u00f3rmulas farmac\u00eauticas e, mediante aprova\u00e7\u00e3o e pagamento, a produ\u00e7\u00e3o e entrega dos produtos solicitados.<\/p><h3><b>2. Or\u00e7amento e Confirma\u00e7\u00e3o do Pedido<\/b><\/h3><p>2.1. O envio da receita (prescri\u00e7\u00e3o) atrav\u00e9s de nossos canais de atendimento constitui uma\u00a0<b>mera solicita\u00e7\u00e3o de or\u00e7amento<\/b>, n\u00e3o configurando uma compra finalizada.<\/p><p>2.2. A\u00a0<b>Farm\u00e1cia Flora Ativa<\/b>\u00a0reserva-se o direito de analisar a viabilidade t\u00e9cnica e a validade legal da receita enviada. Receitas ileg\u00edveis, incompletas ou que n\u00e3o atendam \u00e0s normas da ANVISA e \u00f3rg\u00e3os competentes poder\u00e3o ser recusadas.<\/p><p>2.3. O or\u00e7amento enviado \u00e9 v\u00e1lido pelo prazo nele informado.<\/p><p>2.4. O pedido s\u00f3 ser\u00e1 considerado confirmado e enviado para produ\u00e7\u00e3o ap\u00f3s a\u00a0<b>confirma\u00e7\u00e3o do pagamento<\/b>\u00a0do valor total or\u00e7ado.<\/p><h3><b>3. Obriga\u00e7\u00f5es do Usu\u00e1rio<\/b><\/h3><p>Ao solicitar um or\u00e7amento, voc\u00ea se compromete a:<\/p><p>3.1. Fornecer informa\u00e7\u00f5es verdadeiras e corretas para contato (nome, telefone, endere\u00e7o).<\/p><p>3.2. Enviar uma prescri\u00e7\u00e3o (receita)\u00a0<b>v\u00e1lida, leg\u00edvel e emitida por um profissional habilitado<\/b>\u00a0(m\u00e9dico, nutricionista, dentista, etc.), conforme a legisla\u00e7\u00e3o vigente.<\/p><p>3.3. Em caso de medicamentos controlados, estar ciente de que a reten\u00e7\u00e3o da receita original f\u00edsica poder\u00e1 ser exigida no ato da entrega, conforme a portaria SVS\/MS n\u00ba 344\/98.<\/p><h3><b>4. Pol\u00edtica de Cancelamento e Devolu\u00e7\u00e3o<\/b><\/h3><p>4.1.\u00a0<b>Cancelamento:<\/b>\u00a0Por se tratar de um produto personalizado, feito sob medida para voc\u00ea (manipulado), o cancelamento do pedido s\u00f3 poder\u00e1 ser realizado\u00a0<b>antes do in\u00edcio do processo de manipula\u00e7\u00e3o<\/b>.<\/p><p>4.2.\u00a0<b>Devolu\u00e7\u00e3o:<\/b>\u00a0N\u00e3o ser\u00e3o aceitas devolu\u00e7\u00f5es de produtos manipulados por arrependimento de compra, visto que s\u00e3o produtos perec\u00edveis e de uso pessoal.<\/p><p>4.3. A devolu\u00e7\u00e3o s\u00f3 ser\u00e1 aceita em caso de\u00a0<b>comprovado desvio de qualidade<\/b>\u00a0na manipula\u00e7\u00e3o, ap\u00f3s an\u00e1lise t\u00e9cnica de nossa equipe farmac\u00eautica.<\/p><h3><b>5. Prazo de Entrega<\/b><\/h3><p>O prazo de entrega ser\u00e1 informado no momento do or\u00e7amento e come\u00e7ar\u00e1 a ser contado\u00a0<b>a partir da confirma\u00e7\u00e3o do pagamento<\/b>. A entrega ser\u00e1 realizada no endere\u00e7o fornecido por voc\u00ea.<\/p><h3><b>6. Contato e Foro<\/b><\/h3><p>Para d\u00favidas sobre estes Termos, entre em contato pelo e-mail:\u00a0<b>contato@floraativa.com.br<\/b>. Fica eleito o foro da comarca de\u00a0<b>Ribeir\u00e3o Preto \u2013 SP<\/b>\u00a0para dirimir quaisquer controv\u00e9rsias.<\/p>\t\t\t\t\t\t\t\t<\/div>\n\t\t\t\t\t<\/div>\n\t\t\t\t<\/div>\n\t\t<div class=\"elementor-element elementor-element-12ad6010 e-flex e-con-boxed e-con e-parent\" data-id=\"12ad6010\" data-element_type=\"container\" data-settings=\"{&quot;background_background&quot;:&quot;classic&quot;}\">\n\t\t\t\t\t<div class=\"e-con-inner\">\n\t\t<div class=\"elementor-element elementor-element-7070f678 e-con-full e-flex e-con e-child\" data-id=\"7070f678\" data-element_type=\"container\">\n\t\t\t\t<div class=\"elementor-element elementor-element-23600fce elementor-widget elementor-widget-heading\" data-id=\"23600fce\" data-element_type=\"widget\" data-widget_type=\"heading.default\">\n\t\t\t\t\t<h2 class=\"elementor-heading-title elementor-size-default\">Contato<\/h2>\t\t\t\t<\/div>\n\t\t\t\t<div class=\"elementor-element elementor-element-b9da8e1 elementor-widget elementor-widget-menu-anchor\" data-id=\"b9da8e1\" data-element_type=\"widget\" data-widget_type=\"menu-anchor.default\">\n\t\t\t\t\t\t\t<div class=\"elementor-menu-anchor\" id=\"contato\"><\/div>\n\t\t\t\t\t\t<\/div>\n\t\t\t\t<div class=\"elementor-element elementor-element-55b3a3a elementor-widget elementor-widget-text-editor\" data-id=\"55b3a3a\" data-element_type=\"widget\" data-widget_type=\"text-editor.default\">\n\t\t\t\t\t\t\t\t\t<ul class=\"ak-ul\" data-indent-level=\"1\"><li><p data-renderer-start-pos=\"2658\">Endere\u00e7o: R. S\u00e3o Paulo, 470 &#8211; Campos El\u00edsios, Ribeir\u00e3o Preto &#8211; SP, 14085-010<\/p><\/li><li><p data-renderer-start-pos=\"2738\">Telefone: <a class=\"css-1rn59kg\" title=\"https:\/\/www.google.com\/search?q=flora+ativa&amp;rlz=1C1VDKB_pt-PTBR1073BR1080&amp;oq=flora+ativa&amp;gs_lcrp=EgZjaHJvbWUqBggAEEUYOzIGCAAQRRg7MhAIARAuGK8BGMcBGIAEGI4FMg0IAhAAGIMBGLEDGIAEMgcIAxAAGIAEMg0IBBAuGK8BGMcBGIAEMgYIBRBFGD0yBggGEEUYPDIGCAcQRRg80gEIMjM1MGowajSoAgCwAgE&amp;sourceid=chrome&amp;ie=UTF-8#\" href=\"https:\/\/www.google.com\/search?q=flora+ativa&amp;rlz=1C1VDKB_pt-PTBR1073BR1080&amp;oq=flora+ativa&amp;gs_lcrp=EgZjaHJvbWUqBggAEEUYOzIGCAAQRRg7MhAIARAuGK8BGMcBGIAEGI4FMg0IAhAAGIMBGLEDGIAEMgcIAxAAGIAEMg0IBBAuGK8BGMcBGIAEMgYIBRBFGD0yBggGEEUYPDIGCAcQRRg80gEIMjM1MGowajSoAgCwAgE&amp;sourceid=chrome&amp;ie=UTF-8#\" data-testid=\"link-with-safety\" data-renderer-mark=\"true\">(16) 3635-0092<\/a><\/p><\/li><li><p data-renderer-start-pos=\"2766\">WhatsApp: (16) 99265-9510<\/p><\/li><li><p data-renderer-start-pos=\"2797\">Hor\u00e1rio: Segunda \u00e0 sexta das 08:00 \u00e0s 18:00. S\u00e1bado das 08:00 \u00e0s 12:00.<\/p><\/li><li><p data-renderer-start-pos=\"2872\">Email: <a class=\"css-1rn59kg\" title=\"mailto:contato@floraativa.com.br\" href=\"mailto:contato@floraativa.com.br\" data-testid=\"link-with-safety\" data-renderer-mark=\"true\">contato@floraativa.com.br<\/a><\/p><\/li><li><p data-renderer-start-pos=\"2908\">Raz\u00e3o Social: M\u00e1rcia Regina Ferraz Urenha EPP<\/p><\/li><li><p data-renderer-start-pos=\"2957\">CNPJ: 61.983.219\/0001-42<\/p><\/li><\/ul>\t\t\t\t\t\t\t\t<\/div>\n\t\t\t\t<div class=\"elementor-element elementor-element-57947212 e-grid-align-left e-grid-align-mobile-center elementor-shape-rounded elementor-grid-0 elementor-widget elementor-widget-social-icons\" data-id=\"57947212\" data-element_type=\"widget\" data-widget_type=\"social-icons.default\">\n\t\t\t\t\t\t\t<div class=\"elementor-social-icons-wrapper elementor-grid\" role=\"list\">\n\t\t\t\t\t\t\t<span class=\"elementor-grid-item\" role=\"listitem\">\n\t\t\t\t\t<a class=\"elementor-icon elementor-social-icon elementor-social-icon-facebook elementor-repeater-item-0b06357\" href=\"https:\/\/www.facebook.com\/floraativafarmacia\" target=\"_blank\">\n\t\t\t\t\t\t<span class=\"elementor-screen-only\">Facebook<\/span>\n\t\t\t\t\t\t<svg aria-hidden=\"true\" class=\"e-font-icon-svg e-fab-facebook\" viewBox=\"0 0 512 512\" xmlns=\"http:\/\/www.w3.org\/2000\/svg\"><path d=\"M504 256C504 119 393 8 256 8S8 119 8 256c0 123.78 90.69 226.38 209.25 245V327.69h-63V256h63v-54.64c0-62.15 37-96.48 93.67-96.48 27.14 0 55.52 4.84 55.52 4.84v61h-31.28c-30.8 0-40.41 19.12-40.41 38.73V256h68.78l-11 71.69h-57.78V501C413.31 482.38 504 379.78 504 256z\"><\/path><\/svg>\t\t\t\t\t<\/a>\n\t\t\t\t<\/span>\n\t\t\t\t\t\t\t<span class=\"elementor-grid-item\" role=\"listitem\">\n\t\t\t\t\t<a class=\"elementor-icon elementor-social-icon elementor-social-icon-instagram elementor-repeater-item-92220df\" href=\"https:\/\/www.instagram.com\/farmaciafloraativa\/\" target=\"_blank\">\n\t\t\t\t\t\t<span class=\"elementor-screen-only\">Instagram<\/span>\n\t\t\t\t\t\t<svg aria-hidden=\"true\" class=\"e-font-icon-svg e-fab-instagram\" viewBox=\"0 0 448 512\" xmlns=\"http:\/\/www.w3.org\/2000\/svg\"><path d=\"M224.1 141c-63.6 0-114.9 51.3-114.9 114.9s51.3 114.9 114.9 114.9S339 319.5 339 255.9 287.7 141 224.1 141zm0 189.6c-41.1 0-74.7-33.5-74.7-74.7s33.5-74.7 74.7-74.7 74.7 33.5 74.7 74.7-33.6 74.7-74.7 74.7zm146.4-194.3c0 14.9-12 26.8-26.8 26.8-14.9 0-26.8-12-26.8-26.8s12-26.8 26.8-26.8 26.8 12 26.8 26.8zm76.1 27.2c-1.7-35.9-9.9-67.7-36.2-93.9-26.2-26.2-58-34.4-93.9-36.2-37-2.1-147.9-2.1-184.9 0-35.8 1.7-67.6 9.9-93.9 36.1s-34.4 58-36.2 93.9c-2.1 37-2.1 147.9 0 184.9 1.7 35.9 9.9 67.7 36.2 93.9s58 34.4 93.9 36.2c37 2.1 147.9 2.1 184.9 0 35.9-1.7 67.7-9.9 93.9-36.2 26.2-26.2 34.4-58 36.2-93.9 2.1-37 2.1-147.8 0-184.8zM398.8 388c-7.8 19.6-22.9 34.7-42.6 42.6-29.5 11.7-99.5 9-132.1 9s-102.7 2.6-132.1-9c-19.6-7.8-34.7-22.9-42.6-42.6-11.7-29.5-9-99.5-9-132.1s-2.6-102.7 9-132.1c7.8-19.6 22.9-34.7 42.6-42.6 29.5-11.7 99.5-9 132.1-9s102.7-2.6 132.1 9c19.6 7.8 34.7 22.9 42.6 42.6 11.7 29.5 9 99.5 9 132.1s2.7 102.7-9 132.1z\"><\/path><\/svg>\t\t\t\t\t<\/a>\n\t\t\t\t<\/span>\n\t\t\t\t\t<\/div>\n\t\t\t\t\t\t<\/div>\n\t\t\t\t<div class=\"elementor-element elementor-element-71b6a579 elementor-align-left elementor-mobile-align-center elementor-widget elementor-widget-button\" data-id=\"71b6a579\" data-element_type=\"widget\" data-widget_type=\"button.default\">\n\t\t\t\t\t\t\t\t\t\t<a class=\"elementor-button elementor-button-link elementor-size-sm\" href=\"https:\/\/api.whatsapp.com\/send\/?phone=5516992659510&#038;text=Ol%C3%A1%2C+gostaria+de+manipular+minha+f%C3%B3rmula+com+a+Flora+Ativa.+%EF%BF%BD&#038;type=phone_number&#038;app_absent=0\">\n\t\t\t\t\t\t<span class=\"elementor-button-content-wrapper\">\n\t\t\t\t\t\t<span class=\"elementor-button-icon\">\n\t\t\t\t<svg aria-hidden=\"true\" class=\"e-font-icon-svg e-fab-whatsapp\" viewBox=\"0 0 448 512\" xmlns=\"http:\/\/www.w3.org\/2000\/svg\"><path d=\"M380.9 97.1C339 55.1 283.2 32 223.9 32c-122.4 0-222 99.6-222 222 0 39.1 10.2 77.3 29.6 111L0 480l117.7-30.9c32.4 17.7 68.9 27 106.1 27h.1c122.3 0 224.1-99.6 224.1-222 0-59.3-25.2-115-67.1-157zm-157 341.6c-33.2 0-65.7-8.9-94-25.7l-6.7-4-69.8 18.3L72 359.2l-4.4-7c-18.5-29.4-28.2-63.3-28.2-98.2 0-101.7 82.8-184.5 184.6-184.5 49.3 0 95.6 19.2 130.4 54.1 34.8 34.9 56.2 81.2 56.1 130.5 0 101.8-84.9 184.6-186.6 184.6zm101.2-138.2c-5.5-2.8-32.8-16.2-37.9-18-5.1-1.9-8.8-2.8-12.5 2.8-3.7 5.6-14.3 18-17.6 21.8-3.2 3.7-6.5 4.2-12 1.4-32.6-16.3-54-29.1-75.5-66-5.7-9.8 5.7-9.1 16.3-30.3 1.8-3.7.9-6.9-.5-9.7-1.4-2.8-12.5-30.1-17.1-41.2-4.5-10.8-9.1-9.3-12.5-9.5-3.2-.2-6.9-.2-10.6-.2-3.7 0-9.7 1.4-14.8 6.9-5.1 5.6-19.4 19-19.4 46.3 0 27.3 19.9 53.7 22.6 57.4 2.8 3.7 39.1 59.7 94.8 83.8 35.2 15.2 49 16.5 66.6 13.9 10.7-1.6 32.8-13.4 37.4-26.4 4.6-13 4.6-24.1 3.2-26.4-1.3-2.5-5-3.9-10.5-6.6z\"><\/path><\/svg>\t\t\t<\/span>\n\t\t\t\t\t\t\t\t\t<span class=\"elementor-button-text\">Envie sua receita agora!<\/span>\n\t\t\t\t\t<\/span>\n\t\t\t\t\t<\/a>\n\t\t\t\t\t\t\t\t<\/div>\n\t\t\t\t<\/div>\n\t\t<div class=\"elementor-element elementor-element-63bbd1ac e-con-full e-flex e-con e-child\" data-id=\"63bbd1ac\" data-element_type=\"container\">\n\t\t\t\t<div class=\"elementor-element elementor-element-35832165 elementor-widget elementor-widget-image\" data-id=\"35832165\" data-element_type=\"widget\" data-widget_type=\"image.default\">\n\t\t\t\t\t\t\t\t\t\t\t\t\t\t\t<img fetchpriority=\"high\" decoding=\"async\" width=\"498\" height=\"200\" src=\"https:\/\/floraativa.com.br\/wp-content\/uploads\/2025\/12\/logo.webp\" class=\"attachment-full size-full wp-image-11\" alt=\"\" srcset=\"https:\/\/floraativa.com.br\/wp-content\/uploads\/2025\/12\/logo.webp 498w, https:\/\/floraativa.com.br\/wp-content\/uploads\/2025\/12\/logo-300x120.webp 300w\" sizes=\"(max-width: 498px) 100vw, 498px\" \/>\t\t\t\t\t\t\t\t\t\t\t\t\t\t\t<\/div>\n\t\t\t\t<div class=\"elementor-element elementor-element-37b5aefe elementor-widget elementor-widget-text-editor\" data-id=\"37b5aefe\" data-element_type=\"widget\" data-widget_type=\"text-editor.default\">\n\t\t\t\t\t\t\t\t\t<p>Esta farm\u00e1cia segue as determina\u00e7\u00f5es da ANVISA: <a class=\"css-1rn59kg\" title=\"http:\/\/www.anvisa.gov.br\" href=\"http:\/\/www.anvisa.gov.br\/\" data-testid=\"link-with-safety\" data-renderer-mark=\"true\">www.anvisa.gov.br<\/a><\/p>\t\t\t\t\t\t\t\t<\/div>\n\t\t\t\t<div class=\"elementor-element elementor-element-1474c8d2 elementor-widget elementor-widget-text-editor\" data-id=\"1474c8d2\" data-element_type=\"widget\" data-widget_type=\"text-editor.default\">\n\t\t\t\t\t\t\t\t\t<p data-renderer-start-pos=\"397\">Farmac\u00eautica Respons\u00e1vel: <b>M\u00e1rcia Regina Ferraz Urenha, CRF: 11.248<\/b><\/p>\n<p data-renderer-start-pos=\"467\">AE: <b>1.34.374.9<\/b> | AFE: <b>0.25.926.7<\/b><br>Licen\u00e7a Sanit\u00e1ria: <b>354340218-477-000117-1-1<\/b><br>Certid\u00e3o de Regularidade:<b>14086<\/b><\/p>\t\t\t\t\t\t\t\t<\/div>\n\t\t\t\t<div class=\"elementor-element elementor-element-605489bb elementor-widget elementor-widget-text-editor\" data-id=\"605489bb\" data-element_type=\"widget\" data-widget_type=\"text-editor.default\">\n\t\t\t\t\t\t\t\t\t<p><a class=\"css-1rn59kg\" title=\"http:\/\/www.anvisa.gov.br\" href=\"http:\/\/floraativa.com.br\/?page_id=64\" data-testid=\"link-with-safety\" data-renderer-mark=\"true\">Pol\u00edtica de Privacidade &#8211; Flora Ativa<\/a><\/p>\t\t\t\t\t\t\t\t<\/div>\n\t\t\t\t<div class=\"elementor-element elementor-element-67a8bafb elementor-widget elementor-widget-text-editor\" data-id=\"67a8bafb\" data-element_type=\"widget\" data-widget_type=\"text-editor.default\">\n\t\t\t\t\t\t\t\t\t<p><a class=\"css-1rn59kg\" title=\"http:\/\/www.anvisa.gov.br\" href=\"http:\/\/floraativa.com.br\/?page_id=77\" data-testid=\"link-with-safety\" data-renderer-mark=\"true\">Termos de uso &#8211; Flora Ativa<\/a><\/p>\t\t\t\t\t\t\t\t<\/div>\n\t\t\t\t<\/div>\n\t\t\t\t\t<\/div>\n\t\t\t\t<\/div>\n\t\t\t\t<\/div>\n\t\t","protected":false},"excerpt":{"rendered":"<p>Termos e Condi\u00e7\u00f5es de Uso Estes Termos e Condi\u00e7\u00f5es de Uso (\u201cTermos\u201d) regulam o uso do servi\u00e7o de or\u00e7amento e manipula\u00e7\u00e3o farmac\u00eautica oferecido pela\u00a0M\u00e1rcia Regina Ferraz Urenha EPP\u00a0(CNPJ:\u00a061.983.219\/0001-42), doravante denominada\u00a0\u201cFarm\u00e1cia Flora Ativa\u201d, atrav\u00e9s deste website e seus canais de atendimento (como WhatsApp e e-mail). Ao enviar uma solicita\u00e7\u00e3o de or\u00e7amento, o usu\u00e1rio (\u201cVoc\u00ea\u201d) declara ter [&hellip;]<\/p>\n","protected":false},"author":1,"featured_media":0,"parent":0,"menu_order":0,"comment_status":"closed","ping_status":"closed","template":"elementor_canvas","meta":{"footnotes":""},"class_list":["post-77","page","type-page","status-publish","hentry"],"_links":{"self":[{"href":"https:\/\/floraativa.com.br\/index.php?rest_route=\/wp\/v2\/pages\/77","targetHints":{"allow":["GET"]}}],"collection":[{"href":"https:\/\/floraativa.com.br\/index.php?rest_route=\/wp\/v2\/pages"}],"about":[{"href":"https:\/\/floraativa.com.br\/index.php?rest_route=\/wp\/v2\/types\/page"}],"author":[{"embeddable":true,"href":"https:\/\/floraativa.com.br\/index.php?rest_route=\/wp\/v2\/users\/1"}],"replies":[{"embeddable":true,"href":"https:\/\/floraativa.com.br\/index.php?rest_route=%2Fwp%2Fv2%2Fcomments&post=77"}],"version-history":[{"count":7,"href":"https:\/\/floraativa.com.br\/index.php?rest_route=\/wp\/v2\/pages\/77\/revisions"}],"predecessor-version":[{"id":96,"href":"https:\/\/floraativa.com.br\/index.php?rest_route=\/wp\/v2\/pages\/77\/revisions\/96"}],"wp:attachment":[{"href":"https:\/\/floraativa.com.br\/index.php?rest_route=%2Fwp%2Fv2%2Fmedia&parent=77"}],"curies":[{"name":"wp","href":"https:\/\/api.w.org\/{rel}","templated":true}]}}